{"id":1953,"date":"2025-10-21T20:17:16","date_gmt":"2025-10-21T20:17:16","guid":{"rendered":"https:\/\/ferme-nema.com\/site\/?post_type=product&#038;p=1953"},"modified":"2025-10-22T20:31:46","modified_gmt":"2025-10-22T20:31:46","slug":"citronnier-brasilia-plante","status":"publish","type":"product","link":"https:\/\/ferme-nema.com\/site\/produit\/citronnier-brasilia-plante\/","title":{"rendered":"Citonnier Brasilia (plante de 50 cm)"},"content":{"rendered":"<h1 data-start=\"341\" data-end=\"400\">\ud83c\udf4b Fiche Technique \u2013 Citronnier Bras\u00edlia (Citrus limon)<\/h1>\n<h2 data-start=\"402\" data-end=\"430\">\u2705 Pr\u00e9sentation g\u00e9n\u00e9rale<\/h2>\n<p data-start=\"431\" data-end=\"831\">Le <strong data-start=\"434\" data-end=\"457\">citronnier Bras\u00edlia<\/strong> est une vari\u00e9t\u00e9 vigoureuse et tr\u00e8s productive du citronnier (<em data-start=\"519\" data-end=\"533\">Citrus limon<\/em>), appr\u00e9ci\u00e9e pour ses <strong data-start=\"555\" data-end=\"606\">fruits juteux, parfum\u00e9s et riches en vitamine C<\/strong>. Originaire des r\u00e9gions tropicales et subtropicales, cette plante s\u2019adapte parfaitement aux <strong data-start=\"699\" data-end=\"767\">zones chaudes et ensoleill\u00e9es du S\u00e9n\u00e9gal et d\u2019Afrique de l\u2019Ouest<\/strong>, que ce soit dans les jardins, vergers ou potagers familiaux.<\/p>\n<p data-start=\"833\" data-end=\"1075\">Avec son <strong data-start=\"842\" data-end=\"866\">feuillage persistant<\/strong>, ses <strong data-start=\"872\" data-end=\"891\">fruits lumineux<\/strong> et son <strong data-start=\"899\" data-end=\"925\">parfum d\u2019agrumes frais<\/strong>, le citronnier Bras\u00edlia est autant <strong data-start=\"961\" data-end=\"989\">ornemental que productif<\/strong>. C\u2019est un choix parfait pour allier beaut\u00e9, utilit\u00e9 et bien-\u00eatre au c\u0153ur du jardin.<\/p>\n<hr data-start=\"1077\" data-end=\"1080\" \/>\n<h2 data-start=\"1082\" data-end=\"1117\">\ud83c\udf43 Caract\u00e9ristiques botaniques<\/h2>\n<ul data-start=\"1118\" data-end=\"1500\">\n<li data-start=\"1118\" data-end=\"1173\">\n<p data-start=\"1120\" data-end=\"1173\"><strong data-start=\"1120\" data-end=\"1140\">Nom scientifique<\/strong> : <em data-start=\"1143\" data-end=\"1171\">Citrus limon var. Bras\u00edlia<\/em><\/p>\n<\/li>\n<li data-start=\"1174\" data-end=\"1200\">\n<p data-start=\"1176\" data-end=\"1200\"><strong data-start=\"1176\" data-end=\"1187\">Famille<\/strong> : Rutaceae<\/p>\n<\/li>\n<li data-start=\"1201\" data-end=\"1253\">\n<p data-start=\"1203\" data-end=\"1253\"><strong data-start=\"1203\" data-end=\"1211\">Type<\/strong> : Arbre fruitier \u00e0 feuillage persistant<\/p>\n<\/li>\n<li data-start=\"1254\" data-end=\"1291\">\n<p data-start=\"1256\" data-end=\"1291\"><strong data-start=\"1256\" data-end=\"1274\">Hauteur adulte<\/strong> : 3 \u00e0 5 m\u00e8tres<\/p>\n<\/li>\n<li data-start=\"1292\" data-end=\"1354\">\n<p data-start=\"1294\" data-end=\"1354\"><strong data-start=\"1294\" data-end=\"1307\">Floraison<\/strong> : Blanche et parfum\u00e9e, plusieurs fois par an<\/p>\n<\/li>\n<li data-start=\"1355\" data-end=\"1434\">\n<p data-start=\"1357\" data-end=\"1434\"><strong data-start=\"1357\" data-end=\"1367\">Fruits<\/strong> : Citrons moyens \u00e0 gros, peau lisse, chair acide et tr\u00e8s juteuse<\/p>\n<\/li>\n<li data-start=\"1435\" data-end=\"1500\">\n<p data-start=\"1437\" data-end=\"1500\"><strong data-start=\"1437\" data-end=\"1459\">P\u00e9riode de r\u00e9colte<\/strong> : De novembre \u00e0 avril, selon le climat<\/p>\n<\/li>\n<\/ul>\n<hr data-start=\"1502\" data-end=\"1505\" \/>\n<h2 data-start=\"1507\" data-end=\"1544\">\ud83c\udf0d Conditions de culture id\u00e9ales<\/h2>\n<p data-start=\"1545\" data-end=\"1722\">Le <strong data-start=\"1548\" data-end=\"1571\">citronnier Bras\u00edlia<\/strong> aime la chaleur, la lumi\u00e8re et les sols bien drain\u00e9s. Il pousse aussi bien <strong data-start=\"1647\" data-end=\"1682\">en pleine terre qu\u2019en grand pot<\/strong>, \u00e0 condition d\u2019avoir assez de soleil.<\/p>\n<ul data-start=\"1724\" data-end=\"2021\">\n<li data-start=\"1724\" data-end=\"1822\">\n<p data-start=\"1726\" data-end=\"1822\"><strong data-start=\"1726\" data-end=\"1736\">Climat<\/strong> : Tropical ou subtropical, supporte la chaleur mais craint le froid et le vent sec.<\/p>\n<\/li>\n<li data-start=\"1823\" data-end=\"1900\">\n<p data-start=\"1825\" data-end=\"1900\"><strong data-start=\"1825\" data-end=\"1839\">Exposition<\/strong> : Plein soleil, au moins 6 \u00e0 8 heures de lumi\u00e8re par jour.<\/p>\n<\/li>\n<li data-start=\"1901\" data-end=\"1970\">\n<p data-start=\"1903\" data-end=\"1970\"><strong data-start=\"1903\" data-end=\"1910\">Sol<\/strong> : L\u00e9ger, riche en humus, drain\u00e9 (\u00e9viter l\u2019eau stagnante).<\/p>\n<\/li>\n<li data-start=\"1971\" data-end=\"2021\">\n<p data-start=\"1973\" data-end=\"2021\"><strong data-start=\"1973\" data-end=\"1997\">Temp\u00e9rature optimale<\/strong> : Entre 20\u00b0C et 35\u00b0C.<\/p>\n<\/li>\n<\/ul>\n<hr data-start=\"2023\" data-end=\"2026\" \/>\n<h2 data-start=\"2028\" data-end=\"2059\">\ud83c\udf31 Technique de plantation<\/h2>\n<ol data-start=\"2060\" data-end=\"2627\">\n<li data-start=\"2060\" data-end=\"2187\">\n<p data-start=\"2063\" data-end=\"2187\"><strong data-start=\"2063\" data-end=\"2085\">Pr\u00e9paration du sol<\/strong> : Ameublir profond\u00e9ment la terre (50 \u00e0 60 cm) et incorporer du compost ou du fumier bien d\u00e9compos\u00e9.<\/p>\n<\/li>\n<li data-start=\"2188\" data-end=\"2384\">\n<p data-start=\"2191\" data-end=\"2209\"><strong data-start=\"2191\" data-end=\"2205\">Plantation<\/strong> :<\/p>\n<ul data-start=\"2213\" data-end=\"2384\">\n<li data-start=\"2213\" data-end=\"2267\">\n<p data-start=\"2215\" data-end=\"2267\">Creuser un trou deux fois plus large que la motte.<\/p>\n<\/li>\n<li data-start=\"2271\" data-end=\"2335\">\n<p data-start=\"2273\" data-end=\"2335\">Placer le plant et recouvrir de terre m\u00e9lang\u00e9e \u00e0 du compost.<\/p>\n<\/li>\n<li data-start=\"2339\" data-end=\"2384\">\n<p data-start=\"2341\" data-end=\"2384\">Tasser l\u00e9g\u00e8rement et arroser abondamment.<\/p>\n<\/li>\n<\/ul>\n<\/li>\n<li data-start=\"2385\" data-end=\"2500\">\n<p data-start=\"2388\" data-end=\"2500\"><strong data-start=\"2388\" data-end=\"2402\">Espacement<\/strong> : Laisser 3 \u00e0 4 m\u00e8tres entre chaque plant pour une bonne circulation de l\u2019air et de la lumi\u00e8re.<\/p>\n<\/li>\n<li data-start=\"2501\" data-end=\"2627\">\n<p data-start=\"2504\" data-end=\"2627\"><strong data-start=\"2504\" data-end=\"2516\">Paillage<\/strong> : \u00c9tendre une couche de paillis organique au pied du citronnier pour conserver l\u2019humidit\u00e9 et nourrir le sol.<\/p>\n<\/li>\n<\/ol>\n<p data-start=\"2629\" data-end=\"2765\">\ud83c\udf3f <strong data-start=\"2632\" data-end=\"2647\">Astuce N\u00caMA<\/strong> : plantez votre citronnier Bras\u00edlia en d\u00e9but de saison des pluies pour favoriser un enracinement rapide et robuste.<\/p>\n<hr data-start=\"2767\" data-end=\"2770\" \/>\n<h2 data-start=\"2772\" data-end=\"2806\">\ud83d\udca7 Entretien et fertilisation<\/h2>\n<ul data-start=\"2807\" data-end=\"3224\">\n<li data-start=\"2807\" data-end=\"2968\">\n<p data-start=\"2809\" data-end=\"2968\"><strong data-start=\"2809\" data-end=\"2821\">Arrosage<\/strong> : R\u00e9gulier sans exc\u00e8s \u2014 le sol doit rester humide mais non d\u00e9tremp\u00e9. R\u00e9duire l\u2019arrosage pendant la saison s\u00e8che lorsque l\u2019arbre est bien \u00e9tabli.<\/p>\n<\/li>\n<li data-start=\"2969\" data-end=\"3134\">\n<p data-start=\"2971\" data-end=\"3134\"><strong data-start=\"2971\" data-end=\"2988\">Fertilisation<\/strong> : Un apport de compost ou d\u2019engrais organique (riche en potassium et magn\u00e9sium) tous les 2 \u00e0 3 mois renforce la floraison et la fructification.<\/p>\n<\/li>\n<li data-start=\"3135\" data-end=\"3224\">\n<p data-start=\"3137\" data-end=\"3224\"><strong data-start=\"3137\" data-end=\"3147\">Taille<\/strong> : Supprimer les branches mortes et a\u00e9rer la couronne apr\u00e8s chaque r\u00e9colte.<\/p>\n<\/li>\n<\/ul>\n<p data-start=\"3226\" data-end=\"3378\">Le citronnier Bras\u00edlia commence \u00e0 <strong data-start=\"3260\" data-end=\"3286\">produire d\u00e8s 2 \u00e0 3 ans<\/strong> apr\u00e8s la plantation, offrant plusieurs r\u00e9coltes par an si les conditions sont favorables.<\/p>\n<hr data-start=\"3380\" data-end=\"3383\" \/>\n<h2 data-start=\"3385\" data-end=\"3412\">\ud83c\udf4b Usages et bienfaits<\/h2>\n<h3 data-start=\"3413\" data-end=\"3432\">\ud83e\udd57 En cuisine<\/h3>\n<p data-start=\"3433\" data-end=\"3495\">Le citron Bras\u00edlia est un incontournable de la gastronomie :<\/p>\n<ul data-start=\"3496\" data-end=\"3685\">\n<li data-start=\"3496\" data-end=\"3553\">\n<p data-start=\"3498\" data-end=\"3553\">Parfume les jus, sauces, th\u00e9s, desserts et grillades.<\/p>\n<\/li>\n<li data-start=\"3554\" data-end=\"3612\">\n<p data-start=\"3556\" data-end=\"3612\">Sert de base \u00e0 la limonade naturelle et aux marinades.<\/p>\n<\/li>\n<li data-start=\"3613\" data-end=\"3685\">\n<p data-start=\"3615\" data-end=\"3685\">Sa peau peut \u00eatre confite ou utilis\u00e9e en zeste pour les p\u00e2tisseries.<\/p>\n<\/li>\n<\/ul>\n<h3 data-start=\"3687\" data-end=\"3709\">\ud83d\udc9a Pour la sant\u00e9<\/h3>\n<ul data-start=\"3710\" data-end=\"3973\">\n<li data-start=\"3710\" data-end=\"3775\">\n<p data-start=\"3712\" data-end=\"3775\">Riche en <strong data-start=\"3721\" data-end=\"3735\">vitamine C<\/strong>, antioxydants et min\u00e9raux essentiels.<\/p>\n<\/li>\n<li data-start=\"3776\" data-end=\"3837\">\n<p data-start=\"3778\" data-end=\"3837\">Stimule les d\u00e9fenses immunitaires et aide \u00e0 la digestion.<\/p>\n<\/li>\n<li data-start=\"3838\" data-end=\"3894\">\n<p data-start=\"3840\" data-end=\"3894\">Purifie le foie et contribue \u00e0 la beaut\u00e9 de la peau.<\/p>\n<\/li>\n<li data-start=\"3895\" data-end=\"3973\">\n<p data-start=\"3897\" data-end=\"3973\">En infusion, il apporte une sensation de bien-\u00eatre et d\u2019\u00e9nergie naturelle.<\/p>\n<\/li>\n<\/ul>\n<h3 data-start=\"3975\" data-end=\"3997\">\ud83c\udf3f Autres usages<\/h3>\n<p data-start=\"3998\" data-end=\"4163\">Les feuilles et la fleur du citronnier Bras\u00edlia sont aussi utilis\u00e9es en <strong data-start=\"4070\" data-end=\"4087\">aromath\u00e9rapie<\/strong> et en <strong data-start=\"4094\" data-end=\"4112\">soins naturels<\/strong> pour leurs propri\u00e9t\u00e9s relaxantes et tonifiantes.<\/p>\n<hr data-start=\"4165\" data-end=\"4168\" \/>\n<h2 data-start=\"4170\" data-end=\"4227\">\ud83d\udc9a Pourquoi choisir le citronnier Bras\u00edlia de N\u00caMA ?<\/h2>\n<ul data-start=\"4228\" data-end=\"4557\">\n<li data-start=\"4228\" data-end=\"4314\">\n<p data-start=\"4230\" data-end=\"4314\">\ud83c\udf1e <strong data-start=\"4233\" data-end=\"4265\">Arbre productif et r\u00e9sistant<\/strong> : s\u2019adapte parfaitement aux climats tropicaux.<\/p>\n<\/li>\n<li data-start=\"4315\" data-end=\"4409\">\n<p data-start=\"4317\" data-end=\"4409\">\ud83c\udf4b <strong data-start=\"4320\" data-end=\"4353\">Fruits savoureux et vitamin\u00e9s<\/strong>, parfaits pour la consommation familiale ou la vente.<\/p>\n<\/li>\n<li data-start=\"4410\" data-end=\"4479\">\n<p data-start=\"4412\" data-end=\"4479\">\ud83c\udf3f <strong data-start=\"4415\" data-end=\"4439\">D\u00e9coratif et parfum\u00e9<\/strong>, id\u00e9al pour les jardins et terrasses.<\/p>\n<\/li>\n<li data-start=\"4480\" data-end=\"4557\">\n<p data-start=\"4482\" data-end=\"4557\">\ud83c\udf31 <strong data-start=\"4485\" data-end=\"4517\">Plants s\u00e9lectionn\u00e9s par N\u00caMA<\/strong>, sains, vigoureux et pr\u00eats \u00e0 planter.<\/p>\n<\/li>\n<\/ul>\n<hr data-start=\"4559\" data-end=\"4562\" \/>\n<h2 data-start=\"4564\" data-end=\"4615\">\ud83d\ude80 Conseils N\u00caMA pour r\u00e9ussir votre citronnier<\/h2>\n<ul data-start=\"4616\" data-end=\"4844\">\n<li data-start=\"4616\" data-end=\"4674\">\n<p data-start=\"4618\" data-end=\"4674\">Plantez au soleil et arrosez r\u00e9guli\u00e8rement sans exc\u00e8s.<\/p>\n<\/li>\n<li data-start=\"4675\" data-end=\"4738\">\n<p data-start=\"4677\" data-end=\"4738\">Prot\u00e9gez les jeunes plants du vent et des exc\u00e8s d\u2019humidit\u00e9.<\/p>\n<\/li>\n<li data-start=\"4739\" data-end=\"4844\">\n<p data-start=\"4741\" data-end=\"4844\">Taillez l\u00e9g\u00e8rement apr\u00e8s chaque r\u00e9colte pour maintenir une belle forme et stimuler la fructification.<\/p>\n<\/li>\n<\/ul>\n<hr data-start=\"4846\" data-end=\"4849\" \/>\n<p data-start=\"4851\" data-end=\"5031\">\ud83d\udc49 <strong data-start=\"4854\" data-end=\"4929\">Commandez d\u00e8s maintenant votre Citronnier Bras\u00edlia sur la boutique N\u00caMA<\/strong> et profitez d\u2019un arbre fruitier \u00e0 la fois d\u00e9coratif, productif et b\u00e9n\u00e9fique pour toute la famille !<\/p>\n<hr data-start=\"1882\" data-end=\"1885\" \/>\n<p data-start=\"1887\" data-end=\"1986\">\ud83d\udd17 <strong data-start=\"1890\" data-end=\"1920\">Commandez maintenant sur <\/strong>\u00a0<a class=\"cursor-pointer\" href=\"https:\/\/ferme-nema.com\/site\/boutique-2\/\" target=\"_new\" rel=\"noopener\" data-start=\"1921\" data-end=\"1986\">www.ferme-nema.com\/boutique<\/a><\/p>\n<p data-start=\"1988\" data-end=\"2101\">\ud83d\udcf2 Contact WhatsApp : +221 77 250 54 27<\/p>\n<p data-start=\"1988\" data-end=\"2101\">Livraison disponible partout au S\u00e9n\u00e9gal<\/p>\n<hr data-start=\"1882\" data-end=\"1885\" \/>\n<div class=\"WaaZC\">\n<div class=\"RJPOee EIJn2\">\n<div data-hveid=\"CC0QAQ\" data-ved=\"2ahUKEwjQ67DH_-iNAxXJQ6QEHZPYBNcQj7gIegQILRAB\">\n<div class=\"dnXCYb\" role=\"button\" aria-controls=\"_dkRJaNDYKsmHkdUPk7GTuA0_52\" aria-expanded=\"true\">\n<div class=\"p8Jhnd\">\n<h3 class=\"aj35ze\"><em>Nous suivre :<\/em><\/h3>\n<\/div>\n<\/div>\n<\/div>\n<p>Sur Facebook\u00a0<a href=\"https:\/\/www.facebook.com\/share\/p\/1AGmiKjZod\/\" target=\"_blank\" rel=\"noopener\">https:\/\/www.facebook.com\/share\/p\/16QvnWxFUB\/<\/a><\/p>\n<p>Sur Pinterest\u00a0<a href=\"https:\/\/fr.pinterest.com\/pin\/983192162542284156\/\" target=\"_blank\" rel=\"noopener\">https:\/\/fr.pinterest.com\/fermenema\/<\/a><\/p>\n<p>Sur Instagramme\u00a0<a href=\"https:\/\/www.instagram.com\/fermenema\/\" target=\"_blank\" rel=\"noopener\">https:\/\/www.instagram.com\/fermenema\/<\/a><\/p>\n<p>Sur TikToK\u00a0<a href=\"https:\/\/www.tiktok.com\/@ferme_nema\" target=\"_blank\" rel=\"noopener\">https:\/\/www.tiktok.com\/@ferme_nema<\/a><\/p>\n<p>Sur LinkedIn\u00a0<a href=\"https:\/\/www.linkedin.com\/company\/n%C3%AAma\" target=\"_blank\" rel=\"noopener\">https:\/\/www.linkedin.com\/company\/n%C3%AAma<\/a><\/p>\n<hr data-start=\"1773\" data-end=\"1776\" \/>\n<p>En savoir plus <a href=\"https:\/\/ferme-nema.com\/site\/about-us-2\/\">\u00e0 propos de nous !<\/a><\/p>\n<\/div>\n<\/div>\n<p>&nbsp;<\/p>\n<p data-start=\"4717\" data-end=\"4830\">\n","protected":false},"excerpt":{"rendered":"<p data-start=\"431\" data-end=\"831\">Le <strong data-start=\"434\" data-end=\"457\">citronnier Bras\u00edlia<\/strong> est une vari\u00e9t\u00e9 vigoureuse et tr\u00e8s productive du citronnier (<em data-start=\"519\" data-end=\"533\">Citrus limon<\/em>), appr\u00e9ci\u00e9e pour ses <strong data-start=\"555\" data-end=\"606\">fruits juteux, parfum\u00e9s et riches en vitamine C<\/strong>. Originaire des r\u00e9gions tropicales et subtropicales, cette plante s\u2019adapte parfaitement aux <strong data-start=\"699\" data-end=\"767\">zones chaudes et ensoleill\u00e9es du S\u00e9n\u00e9gal et d\u2019Afrique de l\u2019Ouest<\/strong>, que ce soit dans les jardins, vergers ou potagers familiaux.<\/p>\n<p data-start=\"833\" data-end=\"1075\">Avec son <strong data-start=\"842\" data-end=\"866\">feuillage persistant<\/strong>, ses <strong data-start=\"872\" data-end=\"891\">fruits lumineux<\/strong> et son <strong data-start=\"899\" data-end=\"925\">parfum d\u2019agrumes frais<\/strong>, le citronnier Bras\u00edlia est autant <strong data-start=\"961\" data-end=\"989\">ornemental que productif<\/strong>. C\u2019est un choix parfait pour allier beaut\u00e9, utilit\u00e9 et bien-\u00eatre au c\u0153ur du jardin.<\/p>\n","protected":false},"featured_media":1954,"comment_status":"closed","ping_status":"closed","template":"","meta":{"_surecart_dashboard_logo_width":"180px","_surecart_dashboard_show_logo":true,"_surecart_dashboard_navigation_orders":true,"_surecart_dashboard_navigation_invoices":true,"_surecart_dashboard_navigation_subscriptions":true,"_surecart_dashboard_navigation_downloads":true,"_surecart_dashboard_navigation_billing":true,"_surecart_dashboard_navigation_account":true,"jetpack_post_was_ever_published":false,"jetpack_publicize_message":"","jetpack_publicize_feature_enabled":true,"jetpack_social_post_already_shared":true,"jetpack_social_options":{"image_generator_settings":{"template":"highway","default_image_id":0,"font":"","enabled":false},"version":2}},"product_brand":[],"product_cat":[20,65],"product_tag":[],"class_list":{"0":"post-1953","1":"product","2":"type-product","3":"status-publish","4":"has-post-thumbnail","6":"product_cat-tous","7":"product_cat-arbres-fruitiers","9":"first","10":"instock","11":"shipping-taxable","12":"purchasable","13":"product-type-simple"},"jetpack_publicize_connections":[],"jetpack_sharing_enabled":true,"jetpack_likes_enabled":true,"jetpack-related-posts":[{"id":1963,"url":"https:\/\/ferme-nema.com\/site\/produit\/tangelo-plante\/","url_meta":{"origin":1953,"position":0},"title":"Oranger Tangelo (plante de 50 cm)","author":"admin","date":"octobre 26, 2025","format":false,"excerpt":"Le Tangelo (Citrus tangelo) est un agrume hybride, issu du croisement entre la mandarine et le pamplemousse ou la tangerine et le pomelo. Originaire d\u2019Asie du Sud-Est, il est aujourd\u2019hui cultiv\u00e9 dans de nombreuses r\u00e9gions tropicales et subtropicales pour ses fruits juteux, parfum\u00e9s et riches en vitamine C. Le Tangelo\u2026","rel":"","context":"Article similaire","block_context":{"text":"Article similaire","link":""},"img":{"alt_text":"Oranger Tangelo","src":"https:\/\/i0.wp.com\/ferme-nema.com\/site\/wp-content\/uploads\/2025\/10\/Oranger-Tangelo.png?fit=540%2C540&ssl=1&resize=350%2C200","width":350,"height":200,"srcset":"https:\/\/i0.wp.com\/ferme-nema.com\/site\/wp-content\/uploads\/2025\/10\/Oranger-Tangelo.png?fit=540%2C540&ssl=1&resize=350%2C200 1x, https:\/\/i0.wp.com\/ferme-nema.com\/site\/wp-content\/uploads\/2025\/10\/Oranger-Tangelo.png?fit=540%2C540&ssl=1&resize=525%2C300 1.5x"},"classes":[]},{"id":1965,"url":"https:\/\/ferme-nema.com\/site\/produit\/oranger-thomson-navel-plante\/","url_meta":{"origin":1953,"position":1},"title":"Oranger Thomson Navel (plante de 50 cm)","author":"admin","date":"octobre 26, 2025","format":false,"excerpt":"L\u2019Oranger Thomson Navel est une vari\u00e9t\u00e9 d\u2019orange douce tr\u00e8s r\u00e9put\u00e9e pour sa chair sans p\u00e9pins, sa saveur sucr\u00e9e et sa texture juteuse. Originaire des \u00c9tats-Unis, cette vari\u00e9t\u00e9 est aujourd\u2019hui largement cultiv\u00e9e dans les r\u00e9gions tropicales et subtropicales pour la qualit\u00e9 exceptionnelle de ses fruits.C\u2019est un arbre fruitier \u00e0 croissance moyenne,\u2026","rel":"","context":"Article similaire","block_context":{"text":"Article similaire","link":""},"img":{"alt_text":"Oranger Thomson Navel","src":"https:\/\/i0.wp.com\/ferme-nema.com\/site\/wp-content\/uploads\/2025\/10\/Oranger-Thomson-Navel.png?fit=540%2C540&ssl=1&resize=350%2C200","width":350,"height":200,"srcset":"https:\/\/i0.wp.com\/ferme-nema.com\/site\/wp-content\/uploads\/2025\/10\/Oranger-Thomson-Navel.png?fit=540%2C540&ssl=1&resize=350%2C200 1x, https:\/\/i0.wp.com\/ferme-nema.com\/site\/wp-content\/uploads\/2025\/10\/Oranger-Thomson-Navel.png?fit=540%2C540&ssl=1&resize=525%2C300 1.5x"},"classes":[]},{"id":1513,"url":"https:\/\/ferme-nema.com\/site\/produit\/fruit-de-la-passion-2\/","url_meta":{"origin":1953,"position":2},"title":"Fruit de la passion (plante de 30 cm)","author":"admin","date":"ao\u00fbt 28, 2025","format":false,"excerpt":"Le fruit de la passion, ou Passiflora edulis, est une plante grimpante tropicale r\u00e9put\u00e9e pour ses fruits juteux, parfum\u00e9s et nutritifs, ainsi que pour ses fleurs spectaculaires et d\u00e9coratives. Originaire d\u2019Am\u00e9rique tropicale, cette plante s\u2019adapte parfaitement aux climats tropicaux et subtropicaux, et s\u00e9duit par sa facilit\u00e9 de culture et sa\u2026","rel":"","context":"Article similaire","block_context":{"text":"Article similaire","link":""},"img":{"alt_text":"fruit de la passion","src":"https:\/\/i0.wp.com\/ferme-nema.com\/site\/wp-content\/uploads\/2025\/08\/fruit-de-la-passion.png?fit=540%2C540&ssl=1&resize=350%2C200","width":350,"height":200,"srcset":"https:\/\/i0.wp.com\/ferme-nema.com\/site\/wp-content\/uploads\/2025\/08\/fruit-de-la-passion.png?fit=540%2C540&ssl=1&resize=350%2C200 1x, https:\/\/i0.wp.com\/ferme-nema.com\/site\/wp-content\/uploads\/2025\/08\/fruit-de-la-passion.png?fit=540%2C540&ssl=1&resize=525%2C300 1.5x"},"classes":[]},{"id":1507,"url":"https:\/\/ferme-nema.com\/site\/produit\/papayer\/","url_meta":{"origin":1953,"position":3},"title":"Papayer (plante de 30 cm)","author":"admin","date":"ao\u00fbt 28, 2025","format":false,"excerpt":"Le papayer, ou Carica papaya, est un arbre tropical r\u00e9put\u00e9 pour ses fruits d\u00e9licieux, sucr\u00e9s et riches en vitamines. Originaire d\u2019Am\u00e9rique centrale, il est aujourd\u2019hui largement cultiv\u00e9 dans les r\u00e9gions tropicales et subtropicales, notamment en Afrique de l\u2019Ouest.","rel":"","context":"Article similaire","block_context":{"text":"Article similaire","link":""},"img":{"alt_text":"Papayer","src":"https:\/\/i0.wp.com\/ferme-nema.com\/site\/wp-content\/uploads\/2025\/08\/Papayer_BS.png?fit=540%2C540&ssl=1&resize=350%2C200","width":350,"height":200,"srcset":"https:\/\/i0.wp.com\/ferme-nema.com\/site\/wp-content\/uploads\/2025\/08\/Papayer_BS.png?fit=540%2C540&ssl=1&resize=350%2C200 1x, https:\/\/i0.wp.com\/ferme-nema.com\/site\/wp-content\/uploads\/2025\/08\/Papayer_BS.png?fit=540%2C540&ssl=1&resize=525%2C300 1.5x"},"classes":[]},{"id":1505,"url":"https:\/\/ferme-nema.com\/site\/produit\/corossolier\/","url_meta":{"origin":1953,"position":4},"title":"Corossolier (plante de 50cm)","author":"admin","date":"ao\u00fbt 28, 2025","format":false,"excerpt":"Le corossolier, aussi appel\u00e9 graviola ou soursop, est un arbre fruitier tropical tr\u00e8s appr\u00e9ci\u00e9 pour ses fruits charnus, parfum\u00e9s et nutritifs. Originaire d\u2019Am\u00e9rique du Sud et largement cultiv\u00e9 en Afrique de l\u2019Ouest, il s\u00e9duit par son feuillage vert brillant, son port \u00e9l\u00e9gant et ses fruits ovales \u00e0 la pulpe blanche,\u2026","rel":"","context":"Article similaire","block_context":{"text":"Article similaire","link":""},"img":{"alt_text":"Corossolier","src":"https:\/\/i0.wp.com\/ferme-nema.com\/site\/wp-content\/uploads\/2025\/08\/Corossol.png?fit=540%2C540&ssl=1&resize=350%2C200","width":350,"height":200,"srcset":"https:\/\/i0.wp.com\/ferme-nema.com\/site\/wp-content\/uploads\/2025\/08\/Corossol.png?fit=540%2C540&ssl=1&resize=350%2C200 1x, https:\/\/i0.wp.com\/ferme-nema.com\/site\/wp-content\/uploads\/2025\/08\/Corossol.png?fit=540%2C540&ssl=1&resize=525%2C300 1.5x"},"classes":[]},{"id":1647,"url":"https:\/\/ferme-nema.com\/site\/produit\/bananier-pot\/","url_meta":{"origin":1953,"position":5},"title":"Bananier &#8211; Musa spp.  (plante de 50cm)","author":"admin","date":"septembre 6, 2025","format":false,"excerpt":"Le bananier est une plante tropicale herbac\u00e9e g\u00e9ante produisant des r\u00e9gimes de bananes sucr\u00e9es et nutritives. Il est originaire d\u2019Asie du Sud-Est et s\u2019adapte aux climats tropicaux et subtropicaux.","rel":"","context":"Article similaire","block_context":{"text":"Article similaire","link":""},"img":{"alt_text":"Bananier","src":"https:\/\/i0.wp.com\/ferme-nema.com\/site\/wp-content\/uploads\/2025\/09\/Bananier-.png?fit=540%2C540&ssl=1&resize=350%2C200","width":350,"height":200,"srcset":"https:\/\/i0.wp.com\/ferme-nema.com\/site\/wp-content\/uploads\/2025\/09\/Bananier-.png?fit=540%2C540&ssl=1&resize=350%2C200 1x, https:\/\/i0.wp.com\/ferme-nema.com\/site\/wp-content\/uploads\/2025\/09\/Bananier-.png?fit=540%2C540&ssl=1&resize=525%2C300 1.5x"},"classes":[]}],"_links":{"self":[{"href":"https:\/\/ferme-nema.com\/site\/wp-json\/wp\/v2\/product\/1953","targetHints":{"allow":["GET"]}}],"collection":[{"href":"https:\/\/ferme-nema.com\/site\/wp-json\/wp\/v2\/product"}],"about":[{"href":"https:\/\/ferme-nema.com\/site\/wp-json\/wp\/v2\/types\/product"}],"replies":[{"embeddable":true,"href":"https:\/\/ferme-nema.com\/site\/wp-json\/wp\/v2\/comments?post=1953"}],"wp:featuredmedia":[{"embeddable":true,"href":"https:\/\/ferme-nema.com\/site\/wp-json\/wp\/v2\/media\/1954"}],"wp:attachment":[{"href":"https:\/\/ferme-nema.com\/site\/wp-json\/wp\/v2\/media?parent=1953"}],"wp:term":[{"taxonomy":"product_brand","embeddable":true,"href":"https:\/\/ferme-nema.com\/site\/wp-json\/wp\/v2\/product_brand?post=1953"},{"taxonomy":"product_cat","embeddable":true,"href":"https:\/\/ferme-nema.com\/site\/wp-json\/wp\/v2\/product_cat?post=1953"},{"taxonomy":"product_tag","embeddable":true,"href":"https:\/\/ferme-nema.com\/site\/wp-json\/wp\/v2\/product_tag?post=1953"}],"curies":[{"name":"wp","href":"https:\/\/api.w.org\/{rel}","templated":true}]}}