{"id":892,"date":"2024-02-17T12:56:29","date_gmt":"2024-02-17T12:56:29","guid":{"rendered":"https:\/\/ferme-nema.com\/site\/?post_type=product&#038;p=892"},"modified":"2025-09-05T20:08:58","modified_gmt":"2025-09-05T20:08:58","slug":"palmier-dattier","status":"publish","type":"product","link":"https:\/\/ferme-nema.com\/site\/produit\/palmier-dattier\/","title":{"rendered":"Palmier Dattier (plante de 50cm)"},"content":{"rendered":"<h1 data-start=\"298\" data-end=\"360\">\ud83c\udf34 Fiche Technique \u2013 Palmier dattier (Phoenix dactylifera)<\/h1>\n<h2 data-start=\"362\" data-end=\"390\">\u2705 Pr\u00e9sentation g\u00e9n\u00e9rale<\/h2>\n<p data-start=\"391\" data-end=\"794\">Le <strong data-start=\"394\" data-end=\"435\">palmier dattier (Phoenix dactylifera)<\/strong> est l\u2019un des arbres fruitiers les plus embl\u00e9matiques des r\u00e9gions chaudes et arides. Symbole de prosp\u00e9rit\u00e9 et de fertilit\u00e9 depuis l\u2019Antiquit\u00e9, il est largement cultiv\u00e9 au Moyen-Orient, en Afrique du Nord et en zones sah\u00e9liennes. Le palmier dattier s\u00e9duit autant par son <strong data-start=\"705\" data-end=\"731\">esth\u00e9tique majestueuse<\/strong> que par sa <strong data-start=\"743\" data-end=\"791\">production de dattes sucr\u00e9es et \u00e9nerg\u00e9tiques<\/strong>.<\/p>\n<p data-start=\"796\" data-end=\"997\">Int\u00e9grer un palmier dattier dans son jardin, c\u2019est profiter d\u2019un arbre <strong data-start=\"867\" data-end=\"905\">ornemental, r\u00e9sistant et productif<\/strong>, capable d\u2019offrir ombre, beaut\u00e9 et une r\u00e9colte de fruits nutritifs pendant des d\u00e9cennies.<\/p>\n<hr data-start=\"999\" data-end=\"1002\" \/>\n<h2 data-start=\"1004\" data-end=\"1039\">\ud83c\udf43 Caract\u00e9ristiques botaniques<\/h2>\n<ul data-start=\"1040\" data-end=\"1455\">\n<li data-start=\"1040\" data-end=\"1088\">\n<p data-start=\"1042\" data-end=\"1088\"><strong data-start=\"1042\" data-end=\"1062\">Nom scientifique<\/strong> : <em data-start=\"1065\" data-end=\"1086\">Phoenix dactylifera<\/em><\/p>\n<\/li>\n<li data-start=\"1089\" data-end=\"1116\">\n<p data-start=\"1091\" data-end=\"1116\"><strong data-start=\"1091\" data-end=\"1102\">Famille<\/strong> : Arecaceae<\/p>\n<\/li>\n<li data-start=\"1117\" data-end=\"1155\">\n<p data-start=\"1119\" data-end=\"1155\"><strong data-start=\"1119\" data-end=\"1127\">Type<\/strong> : Arbre fruitier tropical<\/p>\n<\/li>\n<li data-start=\"1156\" data-end=\"1227\">\n<p data-start=\"1158\" data-end=\"1227\"><strong data-start=\"1158\" data-end=\"1176\">Hauteur adulte<\/strong> : 15 \u00e0 25 m\u00e8tres (selon conditions et entretien)<\/p>\n<\/li>\n<li data-start=\"1228\" data-end=\"1296\">\n<p data-start=\"1230\" data-end=\"1296\"><strong data-start=\"1230\" data-end=\"1243\">Feuillage<\/strong> : Grandes palmes vertes, \u00e9l\u00e9gantes et persistantes<\/p>\n<\/li>\n<li data-start=\"1297\" data-end=\"1389\">\n<p data-start=\"1299\" data-end=\"1389\"><strong data-start=\"1299\" data-end=\"1315\">Dur\u00e9e de vie<\/strong> : Plusieurs centaines d\u2019ann\u00e9es (certains sp\u00e9cimens ont plus de 200 ans)<\/p>\n<\/li>\n<li data-start=\"1390\" data-end=\"1455\">\n<p data-start=\"1392\" data-end=\"1455\"><strong data-start=\"1392\" data-end=\"1402\">Fruits<\/strong> : Dattes charnues, sucr\u00e9es et riches en nutriments<\/p>\n<\/li>\n<\/ul>\n<hr data-start=\"1457\" data-end=\"1460\" \/>\n<h2 data-start=\"1462\" data-end=\"1499\">\ud83c\udf0d Conditions de culture id\u00e9ales<\/h2>\n<p data-start=\"1500\" data-end=\"1590\">Le palmier dattier est une esp\u00e8ce qui s\u2019adapte tr\u00e8s bien aux <strong data-start=\"1561\" data-end=\"1587\">climats chauds et secs<\/strong>.<\/p>\n<ul data-start=\"1592\" data-end=\"1905\">\n<li data-start=\"1592\" data-end=\"1648\">\n<p data-start=\"1594\" data-end=\"1648\"><strong data-start=\"1594\" data-end=\"1604\">Climat<\/strong> : Tropical sec, subtropical et d\u00e9sertique<\/p>\n<\/li>\n<li data-start=\"1649\" data-end=\"1713\">\n<p data-start=\"1651\" data-end=\"1713\"><strong data-start=\"1651\" data-end=\"1665\">Exposition<\/strong> : Plein soleil, indispensable pour fructifier<\/p>\n<\/li>\n<li data-start=\"1714\" data-end=\"1804\">\n<p data-start=\"1716\" data-end=\"1804\"><strong data-start=\"1716\" data-end=\"1723\">Sol<\/strong> : Profond, sableux ou limoneux, bien drain\u00e9, tol\u00e8re les sols l\u00e9g\u00e8rement salins<\/p>\n<\/li>\n<li data-start=\"1805\" data-end=\"1905\">\n<p data-start=\"1807\" data-end=\"1905\"><strong data-start=\"1807\" data-end=\"1821\">R\u00e9sistance<\/strong> : Excellente face \u00e0 la s\u00e9cheresse, mais sensible au froid prolong\u00e9 (gel \u00e0 \u00e9viter)<\/p>\n<\/li>\n<\/ul>\n<hr data-start=\"1907\" data-end=\"1910\" \/>\n<h2 data-start=\"1912\" data-end=\"1943\">\ud83c\udf31 Technique de plantation<\/h2>\n<p data-start=\"1944\" data-end=\"2030\">Pour garantir un palmier dattier vigoureux et productif, suivez ces \u00e9tapes simples :<\/p>\n<ol data-start=\"2032\" data-end=\"2698\">\n<li data-start=\"2032\" data-end=\"2150\">\n<p data-start=\"2035\" data-end=\"2150\"><strong data-start=\"2035\" data-end=\"2054\">Pr\u00e9parer le sol<\/strong> : Choisir un emplacement ensoleill\u00e9, ameublir la terre et enrichir avec du compost organique.<\/p>\n<\/li>\n<li data-start=\"2151\" data-end=\"2351\">\n<p data-start=\"2154\" data-end=\"2169\"><strong data-start=\"2154\" data-end=\"2165\">Planter<\/strong> :<\/p>\n<ul data-start=\"2173\" data-end=\"2351\">\n<li data-start=\"2173\" data-end=\"2227\">\n<p data-start=\"2175\" data-end=\"2227\">Creuser un trou deux fois plus large que la motte.<\/p>\n<\/li>\n<li data-start=\"2231\" data-end=\"2306\">\n<p data-start=\"2233\" data-end=\"2306\">Placer le plant bien droit et recouvrir de terre m\u00e9lang\u00e9e \u00e0 du compost.<\/p>\n<\/li>\n<li data-start=\"2310\" data-end=\"2351\">\n<p data-start=\"2312\" data-end=\"2351\">Arroser abondamment apr\u00e8s plantation.<\/p>\n<\/li>\n<\/ul>\n<\/li>\n<li data-start=\"2352\" data-end=\"2460\">\n<p data-start=\"2355\" data-end=\"2460\"><strong data-start=\"2355\" data-end=\"2369\">Espacement<\/strong> : Laisser au minimum 6 \u00e0 8 m\u00e8tres entre deux palmiers pour favoriser leur d\u00e9veloppement.<\/p>\n<\/li>\n<li data-start=\"2461\" data-end=\"2621\">\n<p data-start=\"2464\" data-end=\"2621\"><strong data-start=\"2464\" data-end=\"2476\">Arrosage<\/strong> : Bien que tol\u00e9rant \u00e0 la s\u00e9cheresse, le jeune palmier a besoin d\u2019arrosages r\u00e9guliers pendant les premi\u00e8res ann\u00e9es pour un enracinement solide.<\/p>\n<\/li>\n<li data-start=\"2622\" data-end=\"2698\">\n<p data-start=\"2625\" data-end=\"2698\"><strong data-start=\"2625\" data-end=\"2637\">Paillage<\/strong> : Conserver l\u2019humidit\u00e9 et limiter les herbes ind\u00e9sirables.<\/p>\n<\/li>\n<\/ol>\n<hr data-start=\"2700\" data-end=\"2703\" \/>\n<h2 data-start=\"2705\" data-end=\"2740\">\ud83c\udf34 Entretien et fructification<\/h2>\n<ul data-start=\"2741\" data-end=\"3353\">\n<li data-start=\"2741\" data-end=\"2836\">\n<p data-start=\"2743\" data-end=\"2836\"><strong data-start=\"2743\" data-end=\"2753\">Taille<\/strong> : Retirer les palmes s\u00e8ches et les rejets pour favoriser la croissance du tronc.<\/p>\n<\/li>\n<li data-start=\"2837\" data-end=\"2948\">\n<p data-start=\"2839\" data-end=\"2948\"><strong data-start=\"2839\" data-end=\"2856\">Fertilisation<\/strong> : Apporter du fumier compost\u00e9 ou un engrais organique riche en potassium une fois par an.<\/p>\n<\/li>\n<li data-start=\"2949\" data-end=\"3156\">\n<p data-start=\"2951\" data-end=\"3156\"><strong data-start=\"2951\" data-end=\"2969\">Fructification<\/strong> : Le dattier commence g\u00e9n\u00e9ralement \u00e0 produire entre <strong data-start=\"3022\" data-end=\"3053\">5 et 8 ans apr\u00e8s plantation<\/strong>. La production augmente avec l\u2019\u00e2ge, pouvant donner plusieurs dizaines de kilos de dattes par saison.<\/p>\n<\/li>\n<li data-start=\"3157\" data-end=\"3353\">\n<p data-start=\"3159\" data-end=\"3353\"><strong data-start=\"3159\" data-end=\"3176\">Pollinisation<\/strong> : Comme il existe des palmiers m\u00e2les et femelles, il est conseill\u00e9 de planter plusieurs pieds pour assurer une bonne pollinisation, ou de pratiquer la pollinisation manuelle.<\/p>\n<\/li>\n<\/ul>\n<hr data-start=\"3355\" data-end=\"3358\" \/>\n<h2 data-start=\"3360\" data-end=\"3398\">\ud83c\udf47 Usages et bienfaits des dattes<\/h2>\n<p data-start=\"3399\" data-end=\"3469\">Les dattes du palmier sont reconnues pour leurs nombreux bienfaits :<\/p>\n<ul data-start=\"3471\" data-end=\"3876\">\n<li data-start=\"3471\" data-end=\"3570\">\n<p data-start=\"3473\" data-end=\"3570\"><strong data-start=\"3473\" data-end=\"3494\">\u00c9nergie naturelle<\/strong> : riches en sucres, elles fournissent un apport calorique rapide et sain.<\/p>\n<\/li>\n<li data-start=\"3571\" data-end=\"3641\">\n<p data-start=\"3573\" data-end=\"3641\"><strong data-start=\"3573\" data-end=\"3592\">Sant\u00e9 digestive<\/strong> : fibres abondantes qui favorisent le transit.<\/p>\n<\/li>\n<li data-start=\"3642\" data-end=\"3725\">\n<p data-start=\"3644\" data-end=\"3725\"><strong data-start=\"3644\" data-end=\"3668\">Richesse en min\u00e9raux<\/strong> : potassium, magn\u00e9sium, fer et vitamines essentielles.<\/p>\n<\/li>\n<li data-start=\"3726\" data-end=\"3876\">\n<p data-start=\"3728\" data-end=\"3876\"><strong data-start=\"3728\" data-end=\"3741\">Culinaire<\/strong> : consomm\u00e9es fra\u00eeches ou s\u00e9ch\u00e9es, elles entrent dans la pr\u00e9paration de p\u00e2tisseries, confiseries, jus, sirops et plats traditionnels.<\/p>\n<\/li>\n<\/ul>\n<p data-start=\"3878\" data-end=\"4065\">Le palmier dattier n\u2019est pas seulement une plante fruiti\u00e8re : il est aussi un <strong data-start=\"3956\" data-end=\"3983\">alli\u00e9 en agroforesterie<\/strong>, car il cr\u00e9e de l\u2019ombre et am\u00e9liore le microclimat pour les cultures associ\u00e9es.<\/p>\n<hr data-start=\"4067\" data-end=\"4070\" \/>\n<h2 data-start=\"4072\" data-end=\"4127\">\ud83d\udc9a Pourquoi choisir un palmier dattier avec N\u00caMA ?<\/h2>\n<ul data-start=\"4128\" data-end=\"4452\">\n<li data-start=\"4128\" data-end=\"4214\">\n<p data-start=\"4130\" data-end=\"4214\">\ud83c\udf34 <strong data-start=\"4133\" data-end=\"4156\">Un arbre majestueux<\/strong> qui apporte \u00e9l\u00e9gance et ombre naturelle \u00e0 votre jardin.<\/p>\n<\/li>\n<li data-start=\"4215\" data-end=\"4284\">\n<p data-start=\"4217\" data-end=\"4284\">\ud83c\udf47 <strong data-start=\"4220\" data-end=\"4254\">Production g\u00e9n\u00e9reuse de dattes<\/strong>, savoureuses et nutritives.<\/p>\n<\/li>\n<li data-start=\"4285\" data-end=\"4362\">\n<p data-start=\"4287\" data-end=\"4362\">\ud83c\udf31 <strong data-start=\"4290\" data-end=\"4320\">Adaptabilit\u00e9 et robustesse<\/strong>, id\u00e9al pour les climats chauds et secs.<\/p>\n<\/li>\n<li data-start=\"4363\" data-end=\"4452\">\n<p data-start=\"4365\" data-end=\"4452\">\ud83c\udf0d <strong data-start=\"4368\" data-end=\"4388\">Un choix durable<\/strong>, car le palmier dattier vit et produit pendant des d\u00e9cennies.<\/p>\n<\/li>\n<\/ul>\n<hr data-start=\"4454\" data-end=\"4457\" \/>\n<h2 data-start=\"4459\" data-end=\"4509\">\ud83d\ude80 Conseil N\u00caMA pour r\u00e9ussir votre plantation<\/h2>\n<p data-start=\"4510\" data-end=\"4818\">Plantez votre <strong data-start=\"4524\" data-end=\"4576\">palmier dattier au d\u00e9but de la saison des pluies<\/strong> pour faciliter l\u2019enracinement. Offrez-lui un <strong data-start=\"4622\" data-end=\"4703\">sol profond, du soleil \u00e0 volont\u00e9 et un arrosage r\u00e9gulier les premi\u00e8res ann\u00e9es<\/strong>. Avec un peu de patience, vous profiterez bient\u00f4t d\u2019une <strong data-start=\"4760\" data-end=\"4815\">r\u00e9colte abondante de dattes sucr\u00e9es et \u00e9nerg\u00e9tiques<\/strong>.<\/p>\n<hr data-start=\"4820\" data-end=\"4823\" \/>\n<p data-start=\"4825\" data-end=\"4970\">\ud83d\udc49 <strong data-start=\"4828\" data-end=\"4968\">Commandez d\u00e8s aujourd\u2019hui votre palmier dattier sur la boutique N\u00caMA et apportez prestige, ombre et abondance fruiti\u00e8re \u00e0 votre jardin !<\/strong><\/p>\n<hr data-prosemirror-content-type=\"node\" data-prosemirror-node-name=\"rule\" data-prosemirror-node-block=\"true\" \/>\n<p data-prosemirror-content-type=\"node\" data-prosemirror-node-name=\"paragraph\" data-prosemirror-node-block=\"true\">\ud83d\udd17 <strong data-prosemirror-content-type=\"mark\" data-prosemirror-mark-name=\"strong\">Commandez maintenant sur<\/strong> \u00a0<a href=\"https:\/\/ferme-nema.com\/site\/boutique-2\/\" data-prosemirror-content-type=\"mark\" data-prosemirror-mark-name=\"link\">www.ferme-nema.com\/boutique<\/a><\/p>\n<p data-prosemirror-content-type=\"node\" data-prosemirror-node-name=\"paragraph\" data-prosemirror-node-block=\"true\">\ud83d\udcf2 Contact WhatsApp : +221 77 250 54 27<\/p>\n<p data-prosemirror-content-type=\"node\" data-prosemirror-node-name=\"paragraph\" data-prosemirror-node-block=\"true\">Livraison disponible partout au S\u00e9n\u00e9gal<\/p>\n<hr data-prosemirror-content-type=\"node\" data-prosemirror-node-name=\"rule\" data-prosemirror-node-block=\"true\" \/>\n<h3 data-prosemirror-content-type=\"node\" data-prosemirror-node-name=\"heading\" data-prosemirror-node-block=\"true\"><em data-prosemirror-content-type=\"mark\" data-prosemirror-mark-name=\"em\">Nous suivre :<\/em><\/h3>\n<p data-prosemirror-content-type=\"node\" data-prosemirror-node-name=\"paragraph\" data-prosemirror-node-block=\"true\">Sur Facebook\u00a0<a href=\"https:\/\/www.facebook.com\/share\/p\/1AGmiKjZod\/\" data-prosemirror-content-type=\"mark\" data-prosemirror-mark-name=\"link\" target=\"_blank\" rel=\"noopener\">https:\/\/www.facebook.com\/share\/p\/16QvnWxFUB\/<\/a><\/p>\n<p data-prosemirror-content-type=\"node\" data-prosemirror-node-name=\"paragraph\" data-prosemirror-node-block=\"true\">Sur Pinterest\u00a0<a href=\"https:\/\/fr.pinterest.com\/pin\/983192162542284156\/\" data-prosemirror-content-type=\"mark\" data-prosemirror-mark-name=\"link\" target=\"_blank\" rel=\"noopener\">https:\/\/fr.pinterest.com\/fermenema\/<\/a><\/p>\n<p data-prosemirror-content-type=\"node\" data-prosemirror-node-name=\"paragraph\" data-prosemirror-node-block=\"true\">Sur Instagramme\u00a0<a href=\"https:\/\/www.instagram.com\/fermenema\/\" data-prosemirror-content-type=\"mark\" data-prosemirror-mark-name=\"link\" target=\"_blank\" rel=\"noopener\">https:\/\/www.instagram.com\/fermenema\/<\/a><\/p>\n<p data-prosemirror-content-type=\"node\" data-prosemirror-node-name=\"paragraph\" data-prosemirror-node-block=\"true\">Sur TikToK <a href=\"https:\/\/www.tiktok.com\/@ferme_nema\" data-inline-card=\"\" data-card-data=\"\" target=\"_blank\" rel=\"noopener\">https:\/\/www.tiktok.com\/@ferme_nema<\/a><\/p>\n<p data-prosemirror-content-type=\"node\" data-prosemirror-node-name=\"paragraph\" data-prosemirror-node-block=\"true\">Sur LinkedIn\u00a0<a href=\"https:\/\/www.linkedin.com\/company\/n%C3%AAma\" data-prosemirror-content-type=\"mark\" data-prosemirror-mark-name=\"link\" target=\"_blank\" rel=\"noopener\">https:\/\/www.linkedin.com\/company\/n%C3%AAma<\/a><\/p>\n<hr data-prosemirror-content-type=\"node\" data-prosemirror-node-name=\"rule\" data-prosemirror-node-block=\"true\" \/>\n<p data-prosemirror-content-type=\"node\" data-prosemirror-node-name=\"paragraph\" data-prosemirror-node-block=\"true\">En savoir plus <a href=\"https:\/\/ferme-nema.com\/site\/about-us-2\/\" data-prosemirror-content-type=\"mark\" data-prosemirror-mark-name=\"link\">\u00e0 propos de nous !<\/a><\/p>\n","protected":false},"excerpt":{"rendered":"<p>Le <strong data-start=\"394\" data-end=\"435\">palmier dattier (Phoenix dactylifera)<\/strong> est l\u2019un des arbres fruitiers les plus embl\u00e9matiques des r\u00e9gions chaudes et arides. Symbole de prosp\u00e9rit\u00e9 et de fertilit\u00e9 depuis l\u2019Antiquit\u00e9, il est largement cultiv\u00e9 au Moyen-Orient, en Afrique du Nord et en zones sah\u00e9liennes. Le palmier dattier s\u00e9duit autant par son <strong data-start=\"705\" data-end=\"731\">esth\u00e9tique majestueuse<\/strong> que par sa <strong data-start=\"743\" data-end=\"791\">production de dattes sucr\u00e9es et \u00e9nerg\u00e9tiques<\/strong>.<\/p>\n","protected":false},"featured_media":1625,"comment_status":"closed","ping_status":"closed","template":"","meta":{"_surecart_dashboard_logo_width":"180px","_surecart_dashboard_show_logo":true,"_surecart_dashboard_navigation_orders":true,"_surecart_dashboard_navigation_invoices":true,"_surecart_dashboard_navigation_subscriptions":true,"_surecart_dashboard_navigation_downloads":true,"_surecart_dashboard_navigation_billing":true,"_surecart_dashboard_navigation_account":true,"jetpack_post_was_ever_published":false,"jetpack_publicize_message":"","jetpack_publicize_feature_enabled":true,"jetpack_social_post_already_shared":false,"jetpack_social_options":{"image_generator_settings":{"template":"highway","default_image_id":0,"font":"","enabled":false},"version":2}},"product_brand":[],"product_cat":[65,68,20],"product_tag":[],"class_list":{"0":"post-892","1":"product","2":"type-product","3":"status-publish","4":"has-post-thumbnail","6":"product_cat-arbres-fruitiers","7":"product_cat-plantes-ornementales","8":"product_cat-tous","10":"first","11":"instock","12":"shipping-taxable","13":"purchasable","14":"product-type-simple"},"jetpack_publicize_connections":[],"jetpack_sharing_enabled":true,"jetpack_likes_enabled":true,"jetpack-related-posts":[{"id":1619,"url":"https:\/\/ferme-nema.com\/site\/produit\/phoenix-roebelenii-dattier-nain-pot\/","url_meta":{"origin":892,"position":0},"title":"Phoenix roebelenii &#8211; dattier nain (plante de 50cm)","author":"admin","date":"septembre 3, 2025","format":false,"excerpt":"Le Phoenix roebelenii (dattier nain)\u00a0est une plante majestueuse qui apporte imm\u00e9diatement une touche d\u2019\u00e9l\u00e9gance et d\u2019exotisme aux jardins et aux paysages urbains. Symbole de prosp\u00e9rit\u00e9 et de raffinement, il est tr\u00e8s pris\u00e9 au S\u00e9n\u00e9gal, aussi bien dans les espaces publics (h\u00f4tels, places, all\u00e9es) que dans les jardins priv\u00e9s.","rel":"","context":"Article similaire","block_context":{"text":"Article similaire","link":""},"img":{"alt_text":"Phoenix roebelenii (dattier nain)","src":"https:\/\/i0.wp.com\/ferme-nema.com\/site\/wp-content\/uploads\/2025\/09\/Phoenix-roebelenii-dattier-nain.png?fit=540%2C540&ssl=1&resize=350%2C200","width":350,"height":200,"srcset":"https:\/\/i0.wp.com\/ferme-nema.com\/site\/wp-content\/uploads\/2025\/09\/Phoenix-roebelenii-dattier-nain.png?fit=540%2C540&ssl=1&resize=350%2C200 1x, https:\/\/i0.wp.com\/ferme-nema.com\/site\/wp-content\/uploads\/2025\/09\/Phoenix-roebelenii-dattier-nain.png?fit=540%2C540&ssl=1&resize=525%2C300 1.5x"},"classes":[]},{"id":1617,"url":"https:\/\/ferme-nema.com\/site\/produit\/palmier-washingtonia-robusta\/","url_meta":{"origin":892,"position":1},"title":"Palmier &#8211; Washingtonia robusta  (plante de 50cm)","author":"admin","date":"septembre 3, 2025","format":false,"excerpt":"Le palmier ornemental Washingtonia robusta est une plante majestueuse qui apporte imm\u00e9diatement une touche d\u2019\u00e9l\u00e9gance et d\u2019exotisme aux jardins et aux paysages urbains. Symbole de prosp\u00e9rit\u00e9 et de raffinement, il est tr\u00e8s pris\u00e9 au S\u00e9n\u00e9gal, aussi bien dans les espaces publics (h\u00f4tels, places, all\u00e9es) que dans les jardins priv\u00e9s.","rel":"","context":"Article similaire","block_context":{"text":"Article similaire","link":""},"img":{"alt_text":"Washingtonia robusta","src":"https:\/\/i0.wp.com\/ferme-nema.com\/site\/wp-content\/uploads\/2025\/09\/Washingtonia-robusta.png?fit=540%2C540&ssl=1&resize=350%2C200","width":350,"height":200,"srcset":"https:\/\/i0.wp.com\/ferme-nema.com\/site\/wp-content\/uploads\/2025\/09\/Washingtonia-robusta.png?fit=540%2C540&ssl=1&resize=350%2C200 1x, https:\/\/i0.wp.com\/ferme-nema.com\/site\/wp-content\/uploads\/2025\/09\/Washingtonia-robusta.png?fit=540%2C540&ssl=1&resize=525%2C300 1.5x"},"classes":[]},{"id":1622,"url":"https:\/\/ferme-nema.com\/site\/produit\/parmier-livistona-pot\/","url_meta":{"origin":892,"position":2},"title":"Palmier Livistona (plante de 50cm)","author":"admin","date":"septembre 3, 2025","format":false,"excerpt":"Le palmier ornemental Livistona\u00a0est une plante majestueuse qui apporte imm\u00e9diatement une touche d\u2019\u00e9l\u00e9gance et d\u2019exotisme aux jardins et aux paysages urbains. Symbole de prosp\u00e9rit\u00e9 et de raffinement, il est tr\u00e8s pris\u00e9 au S\u00e9n\u00e9gal, aussi bien dans les espaces publics (h\u00f4tels, places, all\u00e9es) que dans les jardins priv\u00e9s.","rel":"","context":"Article similaire","block_context":{"text":"Article similaire","link":""},"img":{"alt_text":"","src":"https:\/\/i0.wp.com\/ferme-nema.com\/site\/wp-content\/uploads\/2025\/09\/Livistona-Sabal.png?fit=540%2C540&ssl=1&resize=350%2C200","width":350,"height":200,"srcset":"https:\/\/i0.wp.com\/ferme-nema.com\/site\/wp-content\/uploads\/2025\/09\/Livistona-Sabal.png?fit=540%2C540&ssl=1&resize=350%2C200 1x, https:\/\/i0.wp.com\/ferme-nema.com\/site\/wp-content\/uploads\/2025\/09\/Livistona-Sabal.png?fit=540%2C540&ssl=1&resize=525%2C300 1.5x"},"classes":[]},{"id":1819,"url":"https:\/\/ferme-nema.com\/site\/produit\/caryota-mitis\/","url_meta":{"origin":892,"position":3},"title":"Caryota mitis &#8211; Palmier queue de poisson (plante de 50cm)","author":"admin","date":"septembre 23, 2025","format":false,"excerpt":"Le Caryota mitis, plus connu sous le nom de Palmier queue de poisson, est un palmier ornemental originaire d\u2019Asie du Sud-Est. Sa particularit\u00e9 r\u00e9side dans la forme unique de ses feuilles, d\u00e9coup\u00e9es comme une queue de poisson, qui apportent une touche d\u2019exotisme et de modernit\u00e9 aux jardins tropicaux. Ce palmier\u2026","rel":"","context":"Article similaire","block_context":{"text":"Article similaire","link":""},"img":{"alt_text":"Palmier queue de poisson","src":"https:\/\/i0.wp.com\/ferme-nema.com\/site\/wp-content\/uploads\/2025\/09\/Palmier-queue-de-poisson.png?fit=540%2C540&ssl=1&resize=350%2C200","width":350,"height":200,"srcset":"https:\/\/i0.wp.com\/ferme-nema.com\/site\/wp-content\/uploads\/2025\/09\/Palmier-queue-de-poisson.png?fit=540%2C540&ssl=1&resize=350%2C200 1x, https:\/\/i0.wp.com\/ferme-nema.com\/site\/wp-content\/uploads\/2025\/09\/Palmier-queue-de-poisson.png?fit=540%2C540&ssl=1&resize=525%2C300 1.5x"},"classes":[]},{"id":1565,"url":"https:\/\/ferme-nema.com\/site\/produit\/tamarinier-pot\/","url_meta":{"origin":892,"position":4},"title":"Tamarinier (plante de 50cm)","author":"admin","date":"septembre 1, 2025","format":false,"excerpt":"Le Tamarinier (Tamarindus indica) est un arbre fruitier tropical tr\u00e8s r\u00e9pandu en Afrique. Ses fruits, les tamarins, sont appr\u00e9ci\u00e9s pour leur go\u00fbt acidul\u00e9 et leurs vertus m\u00e9dicinales. Au Sahel et au S\u00e9n\u00e9gal, il est \u00e9galement un arbre agroforestier pr\u00e9cieux, apportant ombrage, fertilit\u00e9 et revenus compl\u00e9mentaires aux fermiers.","rel":"","context":"Article similaire","block_context":{"text":"Article similaire","link":""},"img":{"alt_text":"Tamarinier","src":"https:\/\/i0.wp.com\/ferme-nema.com\/site\/wp-content\/uploads\/2025\/09\/Tamarinier.png?fit=563%2C563&ssl=1&resize=350%2C200","width":350,"height":200,"srcset":"https:\/\/i0.wp.com\/ferme-nema.com\/site\/wp-content\/uploads\/2025\/09\/Tamarinier.png?fit=563%2C563&ssl=1&resize=350%2C200 1x, https:\/\/i0.wp.com\/ferme-nema.com\/site\/wp-content\/uploads\/2025\/09\/Tamarinier.png?fit=563%2C563&ssl=1&resize=525%2C300 1.5x"},"classes":[]},{"id":1821,"url":"https:\/\/ferme-nema.com\/site\/produit\/palmier-bambou-raphis-excelsa\/","url_meta":{"origin":892,"position":5},"title":"Raphis excelsa &#8211; Palmier bambou (plante de 50cm)","author":"admin","date":"septembre 23, 2025","format":false,"excerpt":"Le Palmier bambou (Raphis excelsa) est une plante ornementale \u00e9l\u00e9gante originaire d\u2019Asie, particuli\u00e8rement appr\u00e9ci\u00e9e pour son feuillage raffin\u00e9 et son port en touffe de tiges fines ressemblant \u00e0 du bambou. Ses feuilles palm\u00e9es, vert fonc\u00e9 et brillantes, se d\u00e9ploient en \u00e9ventail et cr\u00e9ent un effet de fra\u00eecheur imm\u00e9diat. C\u2019est un\u2026","rel":"","context":"Article similaire","block_context":{"text":"Article similaire","link":""},"img":{"alt_text":"Palmier bambou","src":"https:\/\/i0.wp.com\/ferme-nema.com\/site\/wp-content\/uploads\/2025\/09\/Palmier-bambou.png?fit=540%2C540&ssl=1&resize=350%2C200","width":350,"height":200,"srcset":"https:\/\/i0.wp.com\/ferme-nema.com\/site\/wp-content\/uploads\/2025\/09\/Palmier-bambou.png?fit=540%2C540&ssl=1&resize=350%2C200 1x, https:\/\/i0.wp.com\/ferme-nema.com\/site\/wp-content\/uploads\/2025\/09\/Palmier-bambou.png?fit=540%2C540&ssl=1&resize=525%2C300 1.5x"},"classes":[]}],"_links":{"self":[{"href":"https:\/\/ferme-nema.com\/site\/wp-json\/wp\/v2\/product\/892","targetHints":{"allow":["GET"]}}],"collection":[{"href":"https:\/\/ferme-nema.com\/site\/wp-json\/wp\/v2\/product"}],"about":[{"href":"https:\/\/ferme-nema.com\/site\/wp-json\/wp\/v2\/types\/product"}],"replies":[{"embeddable":true,"href":"https:\/\/ferme-nema.com\/site\/wp-json\/wp\/v2\/comments?post=892"}],"wp:featuredmedia":[{"embeddable":true,"href":"https:\/\/ferme-nema.com\/site\/wp-json\/wp\/v2\/media\/1625"}],"wp:attachment":[{"href":"https:\/\/ferme-nema.com\/site\/wp-json\/wp\/v2\/media?parent=892"}],"wp:term":[{"taxonomy":"product_brand","embeddable":true,"href":"https:\/\/ferme-nema.com\/site\/wp-json\/wp\/v2\/product_brand?post=892"},{"taxonomy":"product_cat","embeddable":true,"href":"https:\/\/ferme-nema.com\/site\/wp-json\/wp\/v2\/product_cat?post=892"},{"taxonomy":"product_tag","embeddable":true,"href":"https:\/\/ferme-nema.com\/site\/wp-json\/wp\/v2\/product_tag?post=892"}],"curies":[{"name":"wp","href":"https:\/\/api.w.org\/{rel}","templated":true}]}}